{"id":1507,"date":"2024-05-22T12:26:43","date_gmt":"2024-05-22T10:26:43","guid":{"rendered":"https:\/\/sites8.digitalya.es\/proluzsl.com\/?page_id=1507"},"modified":"2024-08-06T10:53:51","modified_gmt":"2024-08-06T08:53:51","slug":"contacto","status":"publish","type":"page","link":"https:\/\/proluzsl.com\/contacto\/","title":{"rendered":"Contacto"},"content":{"rendered":"\t\t<div data-elementor-type=\"wp-page\" data-elementor-id=\"1507\" class=\"elementor elementor-1507\" data-elementor-post-type=\"page\">\n\t\t\t\t\t\t<section class=\"elementor-section elementor-top-section elementor-element elementor-element-4cf2fe3d elementor-section-boxed elementor-section-height-default elementor-section-height-default elementor-invisible\" data-id=\"4cf2fe3d\" data-element_type=\"section\" data-settings=\"{&quot;background_background&quot;:&quot;classic&quot;,&quot;animation&quot;:&quot;fadeIn&quot;,&quot;jet_parallax_layout_list&quot;:[]}\">\n\t\t\t\t\t\t\t<div class=\"elementor-background-overlay\"><\/div>\n\t\t\t\t\t\t\t<div class=\"elementor-container elementor-column-gap-default\">\n\t\t\t\t\t<div class=\"elementor-column elementor-col-50 elementor-top-column elementor-element elementor-element-39fd8f5d\" data-id=\"39fd8f5d\" data-element_type=\"column\">\n\t\t\t<div class=\"elementor-widget-wrap elementor-element-populated\">\n\t\t\t\t\t\t<div class=\"elementor-element elementor-element-10178304 elementor-invisible elementor-widget elementor-widget-heading\" data-id=\"10178304\" data-element_type=\"widget\" data-settings=\"{&quot;_animation&quot;:&quot;fadeInDown&quot;}\" data-widget_type=\"heading.default\">\n\t\t\t\t<div class=\"elementor-widget-container\">\n\t\t\t\t\t<h1 class=\"elementor-heading-title elementor-size-default\">contacta<\/h1>\t\t\t\t<\/div>\n\t\t\t\t<\/div>\n\t\t\t\t\t<\/div>\n\t\t<\/div>\n\t\t\t\t<div class=\"elementor-column elementor-col-50 elementor-top-column elementor-element elementor-element-2210aa3e\" data-id=\"2210aa3e\" data-element_type=\"column\">\n\t\t\t<div class=\"elementor-widget-wrap elementor-element-populated\">\n\t\t\t\t\t\t<div class=\"elementor-element elementor-element-8e16002 elementor-widget__width-initial elementor-widget-mobile__width-initial elementor-widget-tablet__width-initial elementor-invisible elementor-widget elementor-widget-heading\" data-id=\"8e16002\" data-element_type=\"widget\" data-settings=\"{&quot;_animation&quot;:&quot;fadeInUp&quot;}\" data-widget_type=\"heading.default\">\n\t\t\t\t<div class=\"elementor-widget-container\">\n\t\t\t\t\t<h2 class=\"elementor-heading-title elementor-size-default\">\u00bfTienes preguntas sobre nuestros productos? \u00bfNecesitas asistencia personalizada para tu proyecto de iluminaci\u00f3n LED? No dudes en ponerte en contacto con nosotros. En ProLuz, estamos aqu\u00ed para ayudarte. <br>\nPuedes comunicarte con nuestro equipo a trav\u00e9s del siguiente formulario de contacto\n<\/h2>\t\t\t\t<\/div>\n\t\t\t\t<\/div>\n\t\t\t\t\t<\/div>\n\t\t<\/div>\n\t\t\t\t\t<\/div>\n\t\t<\/section>\n\t\t\t\t<section class=\"elementor-section elementor-top-section elementor-element elementor-element-14010092 elementor-section-boxed elementor-section-height-default elementor-section-height-default\" data-id=\"14010092\" data-element_type=\"section\" data-settings=\"{&quot;background_background&quot;:&quot;classic&quot;,&quot;jet_parallax_layout_list&quot;:[]}\">\n\t\t\t\t\t\t<div class=\"elementor-container elementor-column-gap-default\">\n\t\t\t\t\t<div class=\"elementor-column elementor-col-100 elementor-top-column elementor-element elementor-element-1441ce71\" data-id=\"1441ce71\" data-element_type=\"column\">\n\t\t\t<div class=\"elementor-widget-wrap elementor-element-populated\">\n\t\t\t\t\t\t<div class=\"elementor-element elementor-element-3098d2d elementor-align-justify envato-kit-221-button-style-full elementor-invisible elementor-widget elementor-widget-button\" data-id=\"3098d2d\" data-element_type=\"widget\" data-settings=\"{&quot;_animation&quot;:&quot;fadeInUp&quot;}\" data-widget_type=\"button.default\">\n\t\t\t\t<div class=\"elementor-widget-container\">\n\t\t\t\t\t\t\t\t\t<div class=\"elementor-button-wrapper\">\n\t\t\t\t\t<a class=\"elementor-button elementor-size-sm\" role=\"button\">\n\t\t\t\t\t\t<span class=\"elementor-button-content-wrapper\">\n\t\t\t\t\t\t\t\t\t<span class=\"elementor-button-text\"> \u00a1Esperamos poder colaborar contigo y hacer brillar tu pr\u00f3ximo proyecto!<\/span>\n\t\t\t\t\t<\/span>\n\t\t\t\t\t<\/a>\n\t\t\t\t<\/div>\n\t\t\t\t\t\t\t\t<\/div>\n\t\t\t\t<\/div>\n\t\t\t\t\t<\/div>\n\t\t<\/div>\n\t\t\t\t\t<\/div>\n\t\t<\/section>\n\t\t\t\t<section class=\"elementor-section elementor-top-section elementor-element elementor-element-6c7e803 elementor-section-boxed elementor-section-height-default elementor-section-height-default elementor-invisible\" data-id=\"6c7e803\" data-element_type=\"section\" data-settings=\"{&quot;background_background&quot;:&quot;classic&quot;,&quot;animation&quot;:&quot;fadeIn&quot;,&quot;jet_parallax_layout_list&quot;:[]}\">\n\t\t\t\t\t\t<div class=\"elementor-container elementor-column-gap-default\">\n\t\t\t\t\t<div class=\"elementor-column elementor-col-100 elementor-top-column elementor-element elementor-element-61c7e54b\" data-id=\"61c7e54b\" data-element_type=\"column\">\n\t\t\t<div class=\"elementor-widget-wrap elementor-element-populated\">\n\t\t\t\t\t\t<section class=\"elementor-section elementor-inner-section elementor-element elementor-element-6b8d937f elementor-section-boxed elementor-section-height-default elementor-section-height-default\" data-id=\"6b8d937f\" data-element_type=\"section\" data-settings=\"{&quot;jet_parallax_layout_list&quot;:[]}\">\n\t\t\t\t\t\t<div class=\"elementor-container elementor-column-gap-default\">\n\t\t\t\t\t<div class=\"elementor-column elementor-col-50 elementor-inner-column elementor-element elementor-element-4513d95d\" data-id=\"4513d95d\" data-element_type=\"column\">\n\t\t\t<div class=\"elementor-widget-wrap elementor-element-populated\">\n\t\t\t\t\t\t<div class=\"elementor-element elementor-element-6d149269 elementor-invisible elementor-widget elementor-widget-heading\" data-id=\"6d149269\" data-element_type=\"widget\" data-settings=\"{&quot;_animation&quot;:&quot;fadeInUp&quot;,&quot;_animation_mobile&quot;:&quot;fadeIn&quot;}\" data-widget_type=\"heading.default\">\n\t\t\t\t<div class=\"elementor-widget-container\">\n\t\t\t\t\t<h2 class=\"elementor-heading-title elementor-size-default\">enviarnos un correo electr\u00f3nico a info@proluz.com<\/h2>\t\t\t\t<\/div>\n\t\t\t\t<\/div>\n\t\t\t\t<div class=\"elementor-element elementor-element-ebe3d70 elementor-widget-divider--view-line elementor-invisible elementor-widget elementor-widget-divider\" data-id=\"ebe3d70\" data-element_type=\"widget\" data-settings=\"{&quot;_animation&quot;:&quot;fadeIn&quot;,&quot;_animation_delay&quot;:200}\" data-widget_type=\"divider.default\">\n\t\t\t\t<div class=\"elementor-widget-container\">\n\t\t\t\t\t\t\t<div class=\"elementor-divider\">\n\t\t\t<span class=\"elementor-divider-separator\">\n\t\t\t\t\t\t<\/span>\n\t\t<\/div>\n\t\t\t\t\t\t<\/div>\n\t\t\t\t<\/div>\n\t\t\t\t<div class=\"elementor-element elementor-element-262ffec elementor-invisible elementor-widget elementor-widget-heading\" data-id=\"262ffec\" data-element_type=\"widget\" data-settings=\"{&quot;_animation&quot;:&quot;fadeInUp&quot;,&quot;_animation_mobile&quot;:&quot;fadeIn&quot;}\" data-widget_type=\"heading.default\">\n\t\t\t\t<div class=\"elementor-widget-container\">\n\t\t\t\t\t<h2 class=\"elementor-heading-title elementor-size-default\">Tambi\u00e9n puedes visitarnos en nuestras oficinas ubicadas en:<\/h2>\t\t\t\t<\/div>\n\t\t\t\t<\/div>\n\t\t\t\t\t<\/div>\n\t\t<\/div>\n\t\t\t\t<div class=\"elementor-column elementor-col-50 elementor-inner-column elementor-element elementor-element-1df4c112\" data-id=\"1df4c112\" data-element_type=\"column\">\n\t\t\t<div class=\"elementor-widget-wrap elementor-element-populated\">\n\t\t\t\t\t\t<div class=\"elementor-element elementor-element-8094a23 elementor-button-align-stretch elementor-widget elementor-widget-form\" data-id=\"8094a23\" data-element_type=\"widget\" data-settings=\"{&quot;step_next_label&quot;:&quot;Siguiente&quot;,&quot;step_previous_label&quot;:&quot;Anterior&quot;,&quot;button_width&quot;:&quot;100&quot;,&quot;step_type&quot;:&quot;number_text&quot;,&quot;step_icon_shape&quot;:&quot;circle&quot;}\" data-widget_type=\"form.default\">\n\t\t\t\t<div class=\"elementor-widget-container\">\n\t\t\t\t\t\t\t<form class=\"elementor-form\" method=\"post\" name=\"Nuevo formulario\">\n\t\t\t<input type=\"hidden\" name=\"post_id\" value=\"1507\"\/>\n\t\t\t<input type=\"hidden\" name=\"form_id\" value=\"8094a23\"\/>\n\t\t\t<input type=\"hidden\" name=\"referer_title\" value=\"PROLUZ SISTEMAS INTEGRADOS DE ILUMINACION PROFESIONAL SL\" \/>\n\n\t\t\t\n\t\t\t<div class=\"elementor-form-fields-wrapper elementor-labels-above\">\n\t\t\t\t\t\t\t\t<div class=\"elementor-field-type-text elementor-field-group elementor-column elementor-field-group-name elementor-col-100\">\n\t\t\t\t\t\t\t\t\t\t\t\t<label for=\"form-field-name\" class=\"elementor-field-label\">\n\t\t\t\t\t\t\t\tNombre Completo\t\t\t\t\t\t\t<\/label>\n\t\t\t\t\t\t\t\t\t\t\t\t\t\t<input size=\"1\" type=\"text\" name=\"form_fields[name]\" id=\"form-field-name\" class=\"elementor-field elementor-size-sm  elementor-field-textual\">\n\t\t\t\t\t\t\t\t\t\t\t<\/div>\n\t\t\t\t\t\t\t\t<div class=\"elementor-field-type-email elementor-field-group elementor-column elementor-field-group-email elementor-col-100 elementor-field-required\">\n\t\t\t\t\t\t\t\t\t\t\t\t<label for=\"form-field-email\" class=\"elementor-field-label\">\n\t\t\t\t\t\t\t\tCorreo electr\u00f3nico\t\t\t\t\t\t\t<\/label>\n\t\t\t\t\t\t\t\t\t\t\t\t\t\t<input size=\"1\" type=\"email\" name=\"form_fields[email]\" id=\"form-field-email\" class=\"elementor-field elementor-size-sm  elementor-field-textual\" required=\"required\" aria-required=\"true\">\n\t\t\t\t\t\t\t\t\t\t\t<\/div>\n\t\t\t\t\t\t\t\t<div class=\"elementor-field-type-email elementor-field-group elementor-column elementor-field-group-field_9cf6512 elementor-col-100 elementor-field-required\">\n\t\t\t\t\t\t\t\t\t\t\t\t<label for=\"form-field-field_9cf6512\" class=\"elementor-field-label\">\n\t\t\t\t\t\t\t\tTel\u00e9fono de contacto\t\t\t\t\t\t\t<\/label>\n\t\t\t\t\t\t\t\t\t\t\t\t\t\t<input size=\"1\" type=\"email\" name=\"form_fields[field_9cf6512]\" id=\"form-field-field_9cf6512\" class=\"elementor-field elementor-size-sm  elementor-field-textual\" required=\"required\" aria-required=\"true\">\n\t\t\t\t\t\t\t\t\t\t\t<\/div>\n\t\t\t\t\t\t\t\t<div class=\"elementor-field-type-text elementor-field-group elementor-column elementor-field-group-message elementor-col-100\">\n\t\t\t\t\t\t\t\t\t\t\t\t<label for=\"form-field-message\" class=\"elementor-field-label\">\n\t\t\t\t\t\t\t\tAsunto\t\t\t\t\t\t\t<\/label>\n\t\t\t\t\t\t\t\t\t\t\t\t\t\t<input size=\"1\" type=\"text\" name=\"form_fields[message]\" id=\"form-field-message\" class=\"elementor-field elementor-size-sm  elementor-field-textual\">\n\t\t\t\t\t\t\t\t\t\t\t<\/div>\n\t\t\t\t\t\t\t\t<div class=\"elementor-field-type-textarea elementor-field-group elementor-column elementor-field-group-field_31718d2 elementor-col-100\">\n\t\t\t\t\t\t\t\t\t\t\t\t<label for=\"form-field-field_31718d2\" class=\"elementor-field-label\">\n\t\t\t\t\t\t\t\tMensaje\t\t\t\t\t\t\t<\/label>\n\t\t\t\t\t\t<textarea class=\"elementor-field-textual elementor-field  elementor-size-sm\" name=\"form_fields[field_31718d2]\" id=\"form-field-field_31718d2\" rows=\"4\"><\/textarea>\t\t\t\t<\/div>\n\t\t\t\t\t\t\t\t<div class=\"elementor-field-type-recaptcha_v3 elementor-field-group elementor-column elementor-field-group-field_4285909 elementor-col-100 recaptcha_v3-bottomright\">\n\t\t\t\t\t<div class=\"elementor-field\" id=\"form-field-field_4285909\"><div class=\"elementor-g-recaptcha\" data-sitekey=\"6Lfl0R8qAAAAANX3WwgWSs0XqL82BKZDkuW-4udC\" data-type=\"v3\" data-action=\"Form\" data-badge=\"bottomright\" data-size=\"invisible\"><\/div><\/div>\t\t\t\t<\/div>\n\t\t\t\t\t\t\t\t<div class=\"elementor-field-group elementor-column elementor-field-type-submit elementor-col-100 e-form__buttons\">\n\t\t\t\t\t<button class=\"elementor-button elementor-size-sm\" type=\"submit\">\n\t\t\t\t\t\t<span class=\"elementor-button-content-wrapper\">\n\t\t\t\t\t\t\t\t\t\t\t\t\t\t\t\t\t\t\t\t\t\t<span class=\"elementor-button-text\">Enviar<\/span>\n\t\t\t\t\t\t\t\t\t\t\t\t\t<\/span>\n\t\t\t\t\t<\/button>\n\t\t\t\t<\/div>\n\t\t\t<\/div>\n\t\t<\/form>\n\t\t\t\t\t\t<\/div>\n\t\t\t\t<\/div>\n\t\t\t\t\t<\/div>\n\t\t<\/div>\n\t\t\t\t\t<\/div>\n\t\t<\/section>\n\t\t\t\t<div class=\"elementor-element elementor-element-b04fc5f elementor-invisible elementor-widget elementor-widget-image\" data-id=\"b04fc5f\" data-element_type=\"widget\" data-settings=\"{&quot;_animation&quot;:&quot;fadeInUp&quot;,&quot;_animation_mobile&quot;:&quot;fadeIn&quot;}\" data-widget_type=\"image.default\">\n\t\t\t\t<div class=\"elementor-widget-container\">\n\t\t\t\t\t\t\t\t\t\t\t\t\t\t\t<img decoding=\"async\" data-src=\"https:\/\/sites8.digitalya.es\/wp-content\/uploads\/sites\/286\/2024\/05\/close-up-car-engine_1170-1499.jpg\" title=\"\" alt=\"\" src=\"data:image\/gif;base64,R0lGODlhAQABAAAAACH5BAEKAAEALAAAAAABAAEAAAICTAEAOw==\" class=\"lazyload\" \/>\t\t\t\t\t\t\t\t\t\t\t\t\t\t\t<\/div>\n\t\t\t\t<\/div>\n\t\t\t\t\t<\/div>\n\t\t<\/div>\n\t\t\t\t\t<\/div>\n\t\t<\/section>\n\t\t\t\t<\/div>\n\t\t","protected":false},"excerpt":{"rendered":"<p>contacta \u00bfTienes preguntas sobre nuestros productos? \u00bfNecesitas asistencia personalizada para tu proyecto de iluminaci\u00f3n LED? No dudes en ponerte en contacto con nosotros. En ProLuz, estamos aqu\u00ed para ayudarte. Puedes comunicarte con nuestro equipo a trav\u00e9s del siguiente formulario de contacto \u00a1Esperamos poder colaborar contigo y hacer brillar tu pr\u00f3ximo proyecto! enviarnos un correo electr\u00f3nico &#8230; <a title=\"Contacto\" class=\"read-more\" href=\"https:\/\/proluzsl.com\/contacto\/\" aria-label=\"Leer m\u00e1s sobre Contacto\">Leer m\u00e1s<\/a><\/p>\n","protected":false},"author":33,"featured_media":0,"parent":0,"menu_order":0,"comment_status":"closed","ping_status":"closed","template":"elementor_header_footer","meta":{"footnotes":""},"class_list":["post-1507","page","type-page","status-publish"],"yoast_head":"<!-- This site is optimized with the Yoast SEO plugin v24.1 - https:\/\/yoast.com\/wordpress\/plugins\/seo\/ -->\n<title>Contacto | ProLuz - Asistencia Personalizada en Iluminaci\u00f3n LED<\/title>\n<meta name=\"description\" content=\"\u00bfTienes preguntas sobre nuestros productos o necesitas asistencia personalizada? Cont\u00e1ctanos a trav\u00e9s de nuestro formulario de contacto.\" \/>\n<meta name=\"robots\" content=\"index, follow, max-snippet:-1, max-image-preview:large, max-video-preview:-1\" \/>\n<link rel=\"canonical\" href=\"https:\/\/proluzsl.com\/contacto\/\" \/>\n<meta property=\"og:locale\" content=\"es_ES\" \/>\n<meta property=\"og:type\" content=\"article\" \/>\n<meta property=\"og:title\" content=\"Contacto | ProLuz - Asistencia Personalizada en Iluminaci\u00f3n LED\" \/>\n<meta property=\"og:description\" content=\"\u00bfTienes preguntas sobre nuestros productos o necesitas asistencia personalizada? Cont\u00e1ctanos a trav\u00e9s de nuestro formulario de contacto.\" \/>\n<meta property=\"og:url\" content=\"https:\/\/proluzsl.com\/contacto\/\" \/>\n<meta property=\"og:site_name\" content=\"PROLUZ SISTEMAS INTEGRADOS DE ILUMINACION PROFESIONAL SL\" \/>\n<meta property=\"article:modified_time\" content=\"2024-08-06T08:53:51+00:00\" \/>\n<meta property=\"og:image\" content=\"https:\/\/sites8.digitalya.es\/wp-content\/uploads\/sites\/286\/2024\/05\/close-up-car-engine_1170-1499.jpg\" \/>\n<meta name=\"twitter:card\" content=\"summary_large_image\" \/>\n<meta name=\"twitter:label1\" content=\"Tiempo de lectura\" \/>\n\t<meta name=\"twitter:data1\" content=\"1 minuto\" \/>\n<script type=\"application\/ld+json\" class=\"yoast-schema-graph\">{\"@context\":\"https:\/\/schema.org\",\"@graph\":[{\"@type\":\"WebPage\",\"@id\":\"https:\/\/proluzsl.com\/contacto\/\",\"url\":\"https:\/\/proluzsl.com\/contacto\/\",\"name\":\"Contacto | ProLuz - Asistencia Personalizada en Iluminaci\u00f3n LED\",\"isPartOf\":{\"@id\":\"https:\/\/proluzsl.com\/en\/#website\"},\"primaryImageOfPage\":{\"@id\":\"https:\/\/proluzsl.com\/contacto\/#primaryimage\"},\"image\":{\"@id\":\"https:\/\/proluzsl.com\/contacto\/#primaryimage\"},\"thumbnailUrl\":\"https:\/\/sites8.digitalya.es\/wp-content\/uploads\/sites\/286\/2024\/05\/close-up-car-engine_1170-1499.jpg\",\"datePublished\":\"2024-05-22T10:26:43+00:00\",\"dateModified\":\"2024-08-06T08:53:51+00:00\",\"description\":\"\u00bfTienes preguntas sobre nuestros productos o necesitas asistencia personalizada? Cont\u00e1ctanos a trav\u00e9s de nuestro formulario de contacto.\",\"breadcrumb\":{\"@id\":\"https:\/\/proluzsl.com\/contacto\/#breadcrumb\"},\"inLanguage\":\"es\",\"potentialAction\":[{\"@type\":\"ReadAction\",\"target\":[\"https:\/\/proluzsl.com\/contacto\/\"]}]},{\"@type\":\"ImageObject\",\"inLanguage\":\"es\",\"@id\":\"https:\/\/proluzsl.com\/contacto\/#primaryimage\",\"url\":\"https:\/\/sites8.digitalya.es\/wp-content\/uploads\/sites\/286\/2024\/05\/close-up-car-engine_1170-1499.jpg\",\"contentUrl\":\"https:\/\/sites8.digitalya.es\/wp-content\/uploads\/sites\/286\/2024\/05\/close-up-car-engine_1170-1499.jpg\"},{\"@type\":\"BreadcrumbList\",\"@id\":\"https:\/\/proluzsl.com\/contacto\/#breadcrumb\",\"itemListElement\":[{\"@type\":\"ListItem\",\"position\":1,\"name\":\"Portada\",\"item\":\"https:\/\/proluzsl.com\/\"},{\"@type\":\"ListItem\",\"position\":2,\"name\":\"Contacto\"}]},{\"@type\":\"WebSite\",\"@id\":\"https:\/\/proluzsl.com\/en\/#website\",\"url\":\"https:\/\/proluzsl.com\/en\/\",\"name\":\"PROLUZ SISTEMAS INTEGRADOS DE ILUMINACION PROFESIONAL SL\",\"description\":\"\",\"publisher\":{\"@id\":\"https:\/\/proluzsl.com\/en\/#organization\"},\"potentialAction\":[{\"@type\":\"SearchAction\",\"target\":{\"@type\":\"EntryPoint\",\"urlTemplate\":\"https:\/\/proluzsl.com\/en\/?s={search_term_string}\"},\"query-input\":{\"@type\":\"PropertyValueSpecification\",\"valueRequired\":true,\"valueName\":\"search_term_string\"}}],\"inLanguage\":\"es\"},{\"@type\":\"Organization\",\"@id\":\"https:\/\/proluzsl.com\/en\/#organization\",\"name\":\"PROLUZ SISTEMAS INTEGRADOS DE ILUMINACION PROFESIONAL SL\",\"url\":\"https:\/\/proluzsl.com\/en\/\",\"logo\":{\"@type\":\"ImageObject\",\"inLanguage\":\"es\",\"@id\":\"https:\/\/proluzsl.com\/en\/#\/schema\/logo\/image\/\",\"url\":\"https:\/\/proluzsl.com\/wp-content\/uploads\/sites\/286\/2024\/07\/cropped-cropped-cropped-Diseno-sin-titulo-1.png\",\"contentUrl\":\"https:\/\/proluzsl.com\/wp-content\/uploads\/sites\/286\/2024\/07\/cropped-cropped-cropped-Diseno-sin-titulo-1.png\",\"width\":512,\"height\":235,\"caption\":\"PROLUZ SISTEMAS INTEGRADOS DE ILUMINACION PROFESIONAL SL\"},\"image\":{\"@id\":\"https:\/\/proluzsl.com\/en\/#\/schema\/logo\/image\/\"}}]}<\/script>\n<!-- \/ Yoast SEO plugin. -->","yoast_head_json":{"title":"Contacto | ProLuz - Asistencia Personalizada en Iluminaci\u00f3n LED","description":"\u00bfTienes preguntas sobre nuestros productos o necesitas asistencia personalizada? Cont\u00e1ctanos a trav\u00e9s de nuestro formulario de contacto.","robots":{"index":"index","follow":"follow","max-snippet":"max-snippet:-1","max-image-preview":"max-image-preview:large","max-video-preview":"max-video-preview:-1"},"canonical":"https:\/\/proluzsl.com\/contacto\/","og_locale":"es_ES","og_type":"article","og_title":"Contacto | ProLuz - Asistencia Personalizada en Iluminaci\u00f3n LED","og_description":"\u00bfTienes preguntas sobre nuestros productos o necesitas asistencia personalizada? Cont\u00e1ctanos a trav\u00e9s de nuestro formulario de contacto.","og_url":"https:\/\/proluzsl.com\/contacto\/","og_site_name":"PROLUZ SISTEMAS INTEGRADOS DE ILUMINACION PROFESIONAL SL","article_modified_time":"2024-08-06T08:53:51+00:00","og_image":[{"url":"https:\/\/sites8.digitalya.es\/wp-content\/uploads\/sites\/286\/2024\/05\/close-up-car-engine_1170-1499.jpg","type":"","width":"","height":""}],"twitter_card":"summary_large_image","twitter_misc":{"Tiempo de lectura":"1 minuto"},"schema":{"@context":"https:\/\/schema.org","@graph":[{"@type":"WebPage","@id":"https:\/\/proluzsl.com\/contacto\/","url":"https:\/\/proluzsl.com\/contacto\/","name":"Contacto | ProLuz - Asistencia Personalizada en Iluminaci\u00f3n LED","isPartOf":{"@id":"https:\/\/proluzsl.com\/en\/#website"},"primaryImageOfPage":{"@id":"https:\/\/proluzsl.com\/contacto\/#primaryimage"},"image":{"@id":"https:\/\/proluzsl.com\/contacto\/#primaryimage"},"thumbnailUrl":"https:\/\/sites8.digitalya.es\/wp-content\/uploads\/sites\/286\/2024\/05\/close-up-car-engine_1170-1499.jpg","datePublished":"2024-05-22T10:26:43+00:00","dateModified":"2024-08-06T08:53:51+00:00","description":"\u00bfTienes preguntas sobre nuestros productos o necesitas asistencia personalizada? Cont\u00e1ctanos a trav\u00e9s de nuestro formulario de contacto.","breadcrumb":{"@id":"https:\/\/proluzsl.com\/contacto\/#breadcrumb"},"inLanguage":"es","potentialAction":[{"@type":"ReadAction","target":["https:\/\/proluzsl.com\/contacto\/"]}]},{"@type":"ImageObject","inLanguage":"es","@id":"https:\/\/proluzsl.com\/contacto\/#primaryimage","url":"https:\/\/sites8.digitalya.es\/wp-content\/uploads\/sites\/286\/2024\/05\/close-up-car-engine_1170-1499.jpg","contentUrl":"https:\/\/sites8.digitalya.es\/wp-content\/uploads\/sites\/286\/2024\/05\/close-up-car-engine_1170-1499.jpg"},{"@type":"BreadcrumbList","@id":"https:\/\/proluzsl.com\/contacto\/#breadcrumb","itemListElement":[{"@type":"ListItem","position":1,"name":"Portada","item":"https:\/\/proluzsl.com\/"},{"@type":"ListItem","position":2,"name":"Contacto"}]},{"@type":"WebSite","@id":"https:\/\/proluzsl.com\/en\/#website","url":"https:\/\/proluzsl.com\/en\/","name":"PROLUZ SISTEMAS INTEGRADOS DE ILUMINACION PROFESIONAL SL","description":"","publisher":{"@id":"https:\/\/proluzsl.com\/en\/#organization"},"potentialAction":[{"@type":"SearchAction","target":{"@type":"EntryPoint","urlTemplate":"https:\/\/proluzsl.com\/en\/?s={search_term_string}"},"query-input":{"@type":"PropertyValueSpecification","valueRequired":true,"valueName":"search_term_string"}}],"inLanguage":"es"},{"@type":"Organization","@id":"https:\/\/proluzsl.com\/en\/#organization","name":"PROLUZ SISTEMAS INTEGRADOS DE ILUMINACION PROFESIONAL SL","url":"https:\/\/proluzsl.com\/en\/","logo":{"@type":"ImageObject","inLanguage":"es","@id":"https:\/\/proluzsl.com\/en\/#\/schema\/logo\/image\/","url":"https:\/\/proluzsl.com\/wp-content\/uploads\/sites\/286\/2024\/07\/cropped-cropped-cropped-Diseno-sin-titulo-1.png","contentUrl":"https:\/\/proluzsl.com\/wp-content\/uploads\/sites\/286\/2024\/07\/cropped-cropped-cropped-Diseno-sin-titulo-1.png","width":512,"height":235,"caption":"PROLUZ SISTEMAS INTEGRADOS DE ILUMINACION PROFESIONAL SL"},"image":{"@id":"https:\/\/proluzsl.com\/en\/#\/schema\/logo\/image\/"}}]}},"_links":{"self":[{"href":"https:\/\/proluzsl.com\/en\/wp-json\/wp\/v2\/pages\/1507","targetHints":{"allow":["GET"]}}],"collection":[{"href":"https:\/\/proluzsl.com\/en\/wp-json\/wp\/v2\/pages"}],"about":[{"href":"https:\/\/proluzsl.com\/en\/wp-json\/wp\/v2\/types\/page"}],"author":[{"embeddable":true,"href":"https:\/\/proluzsl.com\/en\/wp-json\/wp\/v2\/users\/33"}],"replies":[{"embeddable":true,"href":"https:\/\/proluzsl.com\/en\/wp-json\/wp\/v2\/comments?post=1507"}],"version-history":[{"count":0,"href":"https:\/\/proluzsl.com\/en\/wp-json\/wp\/v2\/pages\/1507\/revisions"}],"wp:attachment":[{"href":"https:\/\/proluzsl.com\/en\/wp-json\/wp\/v2\/media?parent=1507"}],"curies":[{"name":"wp","href":"https:\/\/api.w.org\/{rel}","templated":true}]}}