{"id":1927,"date":"2024-05-21T13:09:12","date_gmt":"2024-05-21T11:09:12","guid":{"rendered":"https:\/\/sites8.digitalya.es\/proluzsl.com\/?page_id=1927"},"modified":"2024-05-21T13:20:27","modified_gmt":"2024-05-21T11:20:27","slug":"aviso-legal","status":"publish","type":"page","link":"https:\/\/proluzsl.com\/aviso-legal\/","title":{"rendered":"Aviso Legal"},"content":{"rendered":"\t\t<div data-elementor-type=\"wp-page\" data-elementor-id=\"1927\" class=\"elementor elementor-1927\" data-elementor-post-type=\"page\">\n\t\t\t\t\t\t<section class=\"elementor-section elementor-top-section elementor-element elementor-element-7d24e502 elementor-section-height-min-height elementor-section-boxed elementor-section-height-default elementor-section-items-middle\" data-id=\"7d24e502\" data-element_type=\"section\" data-settings=\"{&quot;background_background&quot;:&quot;classic&quot;,&quot;jet_parallax_layout_list&quot;:[]}\">\n\t\t\t\t\t\t\t<div class=\"elementor-background-overlay\"><\/div>\n\t\t\t\t\t\t\t<div class=\"elementor-container elementor-column-gap-default\">\n\t\t\t\t\t<div class=\"elementor-column elementor-col-100 elementor-top-column elementor-element elementor-element-60f6ac5f\" data-id=\"60f6ac5f\" data-element_type=\"column\">\n\t\t\t<div class=\"elementor-widget-wrap elementor-element-populated\">\n\t\t\t\t\t\t<section class=\"elementor-section elementor-inner-section elementor-element elementor-element-6fb0259 elementor-section-boxed elementor-section-height-default elementor-section-height-default\" data-id=\"6fb0259\" data-element_type=\"section\" data-settings=\"{&quot;jet_parallax_layout_list&quot;:[]}\">\n\t\t\t\t\t\t<div class=\"elementor-container elementor-column-gap-default\">\n\t\t\t\t\t<div class=\"elementor-column elementor-col-100 elementor-inner-column elementor-element elementor-element-1d422c66\" data-id=\"1d422c66\" data-element_type=\"column\">\n\t\t\t<div class=\"elementor-widget-wrap elementor-element-populated\">\n\t\t\t\t\t\t<div class=\"elementor-element elementor-element-263c38a5 elementor-invisible elementor-widget elementor-widget-heading\" data-id=\"263c38a5\" data-element_type=\"widget\" data-settings=\"{&quot;_animation&quot;:&quot;fadeIn&quot;,&quot;_animation_delay&quot;:100}\" data-widget_type=\"heading.default\">\n\t\t\t\t<div class=\"elementor-widget-container\">\n\t\t\t\t\t<h1 class=\"elementor-heading-title elementor-size-default\">Pol\u00edtica de Accesibilidad<\/h1>\t\t\t\t<\/div>\n\t\t\t\t<\/div>\n\t\t\t\t\t<\/div>\n\t\t<\/div>\n\t\t\t\t\t<\/div>\n\t\t<\/section>\n\t\t\t\t\t<\/div>\n\t\t<\/div>\n\t\t\t\t\t<\/div>\n\t\t<\/section>\n\t\t<div class=\"elementor-element elementor-element-67f82b4 e-flex e-con-boxed e-con e-parent\" data-id=\"67f82b4\" data-element_type=\"container\" data-settings=\"{&quot;jet_parallax_layout_list&quot;:[]}\">\n\t\t\t\t\t<div class=\"e-con-inner\">\n\t\t\t\t\t<\/div>\n\t\t\t\t<\/div>\n\t\t<div class=\"elementor-element elementor-element-aef4832 e-flex e-con-boxed e-con e-parent\" data-id=\"aef4832\" data-element_type=\"container\" data-settings=\"{&quot;jet_parallax_layout_list&quot;:[]}\">\n\t\t\t\t\t<div class=\"e-con-inner\">\n\t\t\t\t<div class=\"elementor-element elementor-element-aeb037f elementor-widget elementor-widget-text-editor\" data-id=\"aeb037f\" data-element_type=\"widget\" data-widget_type=\"text-editor.default\">\n\t\t\t\t<div class=\"elementor-widget-container\">\n\t\t\t\t\t\t\t\t\t<p><span style=\"font-weight: 400;\">En la construcci\u00f3n de la p\u00e1gina web de <\/span><span style=\"font-weight: 400;\">*a\u00f1adir nombre empresa*<\/span><span style=\"font-weight: 400;\"> se han adoptado medidas con el objetivo de que el mayor n\u00famero posible de personas puedan llegar a la informaci\u00f3n que se transmite en ella, independientemente de las limitaciones de la persona o de las que se deriven del contexto de uso.<\/span><\/p><p><span style=\"font-weight: 400;\">As\u00ed, en la confecci\u00f3n del portal se han tenido en cuenta los siguientes aspectos:<\/span><\/p><ul><li style=\"font-weight: 400;\" aria-level=\"1\"><span style=\"font-weight: 400;\">Uso de CSS para la presentaci\u00f3n de la informaci\u00f3n.<\/span><\/li><li style=\"font-weight: 400;\" aria-level=\"1\"><span style=\"font-weight: 400;\">Etiquetas de marcaje.<\/span><\/li><li style=\"font-weight: 400;\" aria-level=\"1\"><span style=\"font-weight: 400;\">Sistemas de navegaci\u00f3n usables, intuitivos y alternativos.<\/span><\/li><li style=\"font-weight: 400;\" aria-level=\"1\"><span style=\"font-weight: 400;\">Descripciones alternativas en las im\u00e1genes.<\/span><\/li><li style=\"font-weight: 400;\" aria-level=\"1\"><span style=\"font-weight: 400;\">Verificaciones en la visualizaci\u00f3n con diferentes navegadores y dispositivos.<\/span><\/li><li style=\"font-weight: 400;\" aria-level=\"1\"><span style=\"font-weight: 400;\">Utilizaci\u00f3n de formatos universales y alternativos.<\/span><\/li><li style=\"font-weight: 400;\" aria-level=\"1\"><span style=\"font-weight: 400;\">Los enlaces ofrecen detalles de la funci\u00f3n o destino del hiperv\u00ednculo.<\/span><\/li><li style=\"font-weight: 400;\" aria-level=\"1\"><span style=\"font-weight: 400;\">Uso de los est\u00e1ndares del W3C.<\/span><\/li><li style=\"font-weight: 400;\" aria-level=\"1\"><span style=\"font-weight: 400;\">Acceso mediante atajos teclado a las principales opciones.<\/span><\/li><\/ul><h3><span style=\"font-weight: 400;\">Cumplimiento de los est\u00e1ndares<\/span><\/h3><p><span style=\"font-weight: 400;\">Las p\u00e1ginas de este sitio Web cumplen la marca AA seg\u00fan la Norma UNE 139803:2004 y las Directrices de Accesibilidad para el Contenido Web 1.0 del W3C. Todos los requisitos de Prioridad 1 y Prioridad 2 y un subconjunto de los requisitos de Prioridad 3 han sido comprobados con un an\u00e1lisis manual de la accesibilidad a trav\u00e9s de diferentes herramientas semi-autom\u00e1ticas y agentes de usuario.<\/span><\/p><h3><span style=\"font-weight: 400;\">Atajos de teclado<\/span><\/h3><p><span style=\"font-weight: 400;\">En esta Web puede hacer saltos ordenados en el contenido con la tecla Tab.<\/span><\/p><h3><span style=\"font-weight: 400;\">Tama\u00f1o del texto<\/span><\/h3><p><span style=\"font-weight: 400;\">El dise\u00f1o accesible permite que el usuario pueda ajustar las fuentes al tama\u00f1o que le convenga. Esta acci\u00f3n puede llevarse a cabo de diferentes maneras seg\u00fan el navegador web que se utilice. A continuaci\u00f3n se indica la acci\u00f3n de men\u00fa donde se encuentra esta funcionalidad en los navegadores m\u00e1s frecuentes:<\/span><\/p><ul><li style=\"font-weight: 400;\" aria-level=\"1\"><span style=\"font-weight: 400;\">Mozilla Firefox: Ver &gt; Tama\u00f1o de texto &gt; Incrementar Internet<\/span><\/li><li style=\"font-weight: 400;\" aria-level=\"1\"><span style=\"font-weight: 400;\">Internet Explorer: Ver &gt; Tama\u00f1o de texto &gt; M\u00e1s grande<\/span><\/li><li style=\"font-weight: 400;\" aria-level=\"1\"><span style=\"font-weight: 400;\">Opera: View &gt; Zoom &gt; %<\/span><\/li><li style=\"font-weight: 400;\" aria-level=\"1\"><span style=\"font-weight: 400;\">Safari: View &gt; Make text bigger<\/span><\/li><li style=\"font-weight: 400;\" aria-level=\"1\"><span style=\"font-weight: 400;\">Google Chrome: Herramientas &gt; Zoom<\/span><\/li><\/ul><h3><span style=\"font-weight: 400;\">Configuraci\u00f3n t\u00e9cnica<\/span><\/h3><p><span style=\"font-weight: 400;\">Las p\u00e1ginas web est\u00e1n creadas con el CMS WordPress <\/span><span style=\"font-weight: 400;\">*a\u00f1adir versi\u00f3n wordpress*<\/span><\/p><h3><span style=\"font-weight: 400;\">Informaci\u00f3n \u00fatil sobre la accesibilidad<\/span><\/h3><p><span style=\"font-weight: 400;\">Seguidamente se exponen una serie de enlaces organizados en diferentes categor\u00edas \u00fatiles para obtener m\u00e1s informaci\u00f3n sobre la accesibilidad.<\/span><\/p><h4><span style=\"font-weight: 400;\">Accesibilidad normas y documentos t\u00e9cnicos:<\/span><\/h4><p><a href=\"http:\/\/www.w3c.org\/\"><span style=\"font-weight: 400;\">http:\/\/www.w3c.org\/<\/span><span style=\"font-weight: 400;\"><br \/><\/span><\/a><span style=\"font-weight: 400;\">Consorcio World Wide Web, grupo de trabajo de \u00e1mbito internacional que dicta l\u00edneas generales relacionadas con la web.<\/span><\/p><p><a href=\"http:\/\/www.w3c.org\/wai\/\"><span style=\"font-weight: 400;\">http:\/\/www.w3c.org\/wai\/<\/span><span style=\"font-weight: 400;\"><br \/><\/span><\/a><span style=\"font-weight: 400;\">Iniciativa de Accesibilidad Web del W3C.<\/span><\/p><p><br \/><br \/><\/p>\t\t\t\t\t\t\t\t<\/div>\n\t\t\t\t<\/div>\n\t\t\t\t\t<\/div>\n\t\t\t\t<\/div>\n\t\t\t\t<\/div>\n\t\t","protected":false},"excerpt":{"rendered":"<p>Pol\u00edtica de Accesibilidad En la construcci\u00f3n de la p\u00e1gina web de *a\u00f1adir nombre empresa* se han adoptado medidas con el objetivo de que el mayor n\u00famero posible de personas puedan llegar a la informaci\u00f3n que se transmite en ella, independientemente de las limitaciones de la persona o de las que se deriven del contexto de &#8230; <a title=\"Aviso Legal\" class=\"read-more\" href=\"https:\/\/proluzsl.com\/aviso-legal\/\" aria-label=\"Leer m\u00e1s sobre Aviso Legal\">Leer m\u00e1s<\/a><\/p>\n","protected":false},"author":33,"featured_media":0,"parent":0,"menu_order":0,"comment_status":"closed","ping_status":"closed","template":"elementor_header_footer","meta":{"footnotes":""},"class_list":["post-1927","page","type-page","status-publish"],"yoast_head":"<!-- This site is optimized with the Yoast SEO plugin v24.1 - https:\/\/yoast.com\/wordpress\/plugins\/seo\/ -->\n<title>Aviso Legal - PROLUZ SISTEMAS INTEGRADOS DE ILUMINACION PROFESIONAL SL<\/title>\n<meta name=\"robots\" content=\"index, follow, max-snippet:-1, max-image-preview:large, max-video-preview:-1\" \/>\n<link rel=\"canonical\" href=\"https:\/\/proluzsl.com\/aviso-legal\/\" \/>\n<meta property=\"og:locale\" content=\"es_ES\" \/>\n<meta property=\"og:type\" content=\"article\" \/>\n<meta property=\"og:title\" content=\"Aviso Legal - PROLUZ SISTEMAS INTEGRADOS DE ILUMINACION PROFESIONAL SL\" \/>\n<meta property=\"og:description\" content=\"Pol\u00edtica de Accesibilidad En la construcci\u00f3n de la p\u00e1gina web de *a\u00f1adir nombre empresa* se han adoptado medidas con el objetivo de que el mayor n\u00famero posible de personas puedan llegar a la informaci\u00f3n que se transmite en ella, independientemente de las limitaciones de la persona o de las que se deriven del contexto de ... Leer m\u00e1s\" \/>\n<meta property=\"og:url\" content=\"https:\/\/proluzsl.com\/aviso-legal\/\" \/>\n<meta property=\"og:site_name\" content=\"PROLUZ SISTEMAS INTEGRADOS DE ILUMINACION PROFESIONAL SL\" \/>\n<meta property=\"article:modified_time\" content=\"2024-05-21T11:20:27+00:00\" \/>\n<meta name=\"twitter:card\" content=\"summary_large_image\" \/>\n<meta name=\"twitter:label1\" content=\"Tiempo de lectura\" \/>\n\t<meta name=\"twitter:data1\" content=\"2 minutos\" \/>\n<script type=\"application\/ld+json\" class=\"yoast-schema-graph\">{\"@context\":\"https:\/\/schema.org\",\"@graph\":[{\"@type\":\"WebPage\",\"@id\":\"https:\/\/proluzsl.com\/aviso-legal\/\",\"url\":\"https:\/\/proluzsl.com\/aviso-legal\/\",\"name\":\"Aviso Legal - PROLUZ SISTEMAS INTEGRADOS DE ILUMINACION PROFESIONAL SL\",\"isPartOf\":{\"@id\":\"https:\/\/proluzsl.com\/en\/#website\"},\"datePublished\":\"2024-05-21T11:09:12+00:00\",\"dateModified\":\"2024-05-21T11:20:27+00:00\",\"breadcrumb\":{\"@id\":\"https:\/\/proluzsl.com\/aviso-legal\/#breadcrumb\"},\"inLanguage\":\"es\",\"potentialAction\":[{\"@type\":\"ReadAction\",\"target\":[\"https:\/\/proluzsl.com\/aviso-legal\/\"]}]},{\"@type\":\"BreadcrumbList\",\"@id\":\"https:\/\/proluzsl.com\/aviso-legal\/#breadcrumb\",\"itemListElement\":[{\"@type\":\"ListItem\",\"position\":1,\"name\":\"Portada\",\"item\":\"https:\/\/proluzsl.com\/\"},{\"@type\":\"ListItem\",\"position\":2,\"name\":\"Aviso Legal\"}]},{\"@type\":\"WebSite\",\"@id\":\"https:\/\/proluzsl.com\/en\/#website\",\"url\":\"https:\/\/proluzsl.com\/en\/\",\"name\":\"PROLUZ SISTEMAS INTEGRADOS DE ILUMINACION PROFESIONAL SL\",\"description\":\"\",\"publisher\":{\"@id\":\"https:\/\/proluzsl.com\/en\/#organization\"},\"potentialAction\":[{\"@type\":\"SearchAction\",\"target\":{\"@type\":\"EntryPoint\",\"urlTemplate\":\"https:\/\/proluzsl.com\/en\/?s={search_term_string}\"},\"query-input\":{\"@type\":\"PropertyValueSpecification\",\"valueRequired\":true,\"valueName\":\"search_term_string\"}}],\"inLanguage\":\"es\"},{\"@type\":\"Organization\",\"@id\":\"https:\/\/proluzsl.com\/en\/#organization\",\"name\":\"PROLUZ SISTEMAS INTEGRADOS DE ILUMINACION PROFESIONAL SL\",\"url\":\"https:\/\/proluzsl.com\/en\/\",\"logo\":{\"@type\":\"ImageObject\",\"inLanguage\":\"es\",\"@id\":\"https:\/\/proluzsl.com\/en\/#\/schema\/logo\/image\/\",\"url\":\"https:\/\/proluzsl.com\/wp-content\/uploads\/sites\/286\/2024\/07\/cropped-cropped-cropped-Diseno-sin-titulo-1.png\",\"contentUrl\":\"https:\/\/proluzsl.com\/wp-content\/uploads\/sites\/286\/2024\/07\/cropped-cropped-cropped-Diseno-sin-titulo-1.png\",\"width\":512,\"height\":235,\"caption\":\"PROLUZ SISTEMAS INTEGRADOS DE ILUMINACION PROFESIONAL SL\"},\"image\":{\"@id\":\"https:\/\/proluzsl.com\/en\/#\/schema\/logo\/image\/\"}}]}<\/script>\n<!-- \/ Yoast SEO plugin. -->","yoast_head_json":{"title":"Aviso Legal - PROLUZ SISTEMAS INTEGRADOS DE ILUMINACION PROFESIONAL SL","robots":{"index":"index","follow":"follow","max-snippet":"max-snippet:-1","max-image-preview":"max-image-preview:large","max-video-preview":"max-video-preview:-1"},"canonical":"https:\/\/proluzsl.com\/aviso-legal\/","og_locale":"es_ES","og_type":"article","og_title":"Aviso Legal - PROLUZ SISTEMAS INTEGRADOS DE ILUMINACION PROFESIONAL SL","og_description":"Pol\u00edtica de Accesibilidad En la construcci\u00f3n de la p\u00e1gina web de *a\u00f1adir nombre empresa* se han adoptado medidas con el objetivo de que el mayor n\u00famero posible de personas puedan llegar a la informaci\u00f3n que se transmite en ella, independientemente de las limitaciones de la persona o de las que se deriven del contexto de ... Leer m\u00e1s","og_url":"https:\/\/proluzsl.com\/aviso-legal\/","og_site_name":"PROLUZ SISTEMAS INTEGRADOS DE ILUMINACION PROFESIONAL SL","article_modified_time":"2024-05-21T11:20:27+00:00","twitter_card":"summary_large_image","twitter_misc":{"Tiempo de lectura":"2 minutos"},"schema":{"@context":"https:\/\/schema.org","@graph":[{"@type":"WebPage","@id":"https:\/\/proluzsl.com\/aviso-legal\/","url":"https:\/\/proluzsl.com\/aviso-legal\/","name":"Aviso Legal - PROLUZ SISTEMAS INTEGRADOS DE ILUMINACION PROFESIONAL SL","isPartOf":{"@id":"https:\/\/proluzsl.com\/en\/#website"},"datePublished":"2024-05-21T11:09:12+00:00","dateModified":"2024-05-21T11:20:27+00:00","breadcrumb":{"@id":"https:\/\/proluzsl.com\/aviso-legal\/#breadcrumb"},"inLanguage":"es","potentialAction":[{"@type":"ReadAction","target":["https:\/\/proluzsl.com\/aviso-legal\/"]}]},{"@type":"BreadcrumbList","@id":"https:\/\/proluzsl.com\/aviso-legal\/#breadcrumb","itemListElement":[{"@type":"ListItem","position":1,"name":"Portada","item":"https:\/\/proluzsl.com\/"},{"@type":"ListItem","position":2,"name":"Aviso Legal"}]},{"@type":"WebSite","@id":"https:\/\/proluzsl.com\/en\/#website","url":"https:\/\/proluzsl.com\/en\/","name":"PROLUZ SISTEMAS INTEGRADOS DE ILUMINACION PROFESIONAL SL","description":"","publisher":{"@id":"https:\/\/proluzsl.com\/en\/#organization"},"potentialAction":[{"@type":"SearchAction","target":{"@type":"EntryPoint","urlTemplate":"https:\/\/proluzsl.com\/en\/?s={search_term_string}"},"query-input":{"@type":"PropertyValueSpecification","valueRequired":true,"valueName":"search_term_string"}}],"inLanguage":"es"},{"@type":"Organization","@id":"https:\/\/proluzsl.com\/en\/#organization","name":"PROLUZ SISTEMAS INTEGRADOS DE ILUMINACION PROFESIONAL SL","url":"https:\/\/proluzsl.com\/en\/","logo":{"@type":"ImageObject","inLanguage":"es","@id":"https:\/\/proluzsl.com\/en\/#\/schema\/logo\/image\/","url":"https:\/\/proluzsl.com\/wp-content\/uploads\/sites\/286\/2024\/07\/cropped-cropped-cropped-Diseno-sin-titulo-1.png","contentUrl":"https:\/\/proluzsl.com\/wp-content\/uploads\/sites\/286\/2024\/07\/cropped-cropped-cropped-Diseno-sin-titulo-1.png","width":512,"height":235,"caption":"PROLUZ SISTEMAS INTEGRADOS DE ILUMINACION PROFESIONAL SL"},"image":{"@id":"https:\/\/proluzsl.com\/en\/#\/schema\/logo\/image\/"}}]}},"_links":{"self":[{"href":"https:\/\/proluzsl.com\/en\/wp-json\/wp\/v2\/pages\/1927","targetHints":{"allow":["GET"]}}],"collection":[{"href":"https:\/\/proluzsl.com\/en\/wp-json\/wp\/v2\/pages"}],"about":[{"href":"https:\/\/proluzsl.com\/en\/wp-json\/wp\/v2\/types\/page"}],"author":[{"embeddable":true,"href":"https:\/\/proluzsl.com\/en\/wp-json\/wp\/v2\/users\/33"}],"replies":[{"embeddable":true,"href":"https:\/\/proluzsl.com\/en\/wp-json\/wp\/v2\/comments?post=1927"}],"version-history":[{"count":0,"href":"https:\/\/proluzsl.com\/en\/wp-json\/wp\/v2\/pages\/1927\/revisions"}],"wp:attachment":[{"href":"https:\/\/proluzsl.com\/en\/wp-json\/wp\/v2\/media?parent=1927"}],"curies":[{"name":"wp","href":"https:\/\/api.w.org\/{rel}","templated":true}]}}