{"id":3,"date":"2024-04-26T11:25:01","date_gmt":"2024-04-26T09:25:01","guid":{"rendered":"https:\/\/sites8.digitalya.es\/proluzsl.com\/?page_id=3"},"modified":"2024-05-21T13:18:37","modified_gmt":"2024-05-21T11:18:37","slug":"politica-privacidad","status":"publish","type":"page","link":"https:\/\/proluzsl.com\/politica-privacidad\/","title":{"rendered":"Pol\u00edtica de privacidad"},"content":{"rendered":"\t\t<div data-elementor-type=\"wp-page\" data-elementor-id=\"3\" class=\"elementor elementor-3\" data-elementor-post-type=\"page\">\n\t\t\t\t\t\t<section class=\"elementor-section elementor-top-section elementor-element elementor-element-3fb7d98c elementor-section-height-min-height elementor-section-boxed elementor-section-height-default elementor-section-items-middle\" data-id=\"3fb7d98c\" data-element_type=\"section\" data-settings=\"{&quot;background_background&quot;:&quot;classic&quot;,&quot;jet_parallax_layout_list&quot;:[]}\">\n\t\t\t\t\t\t\t<div class=\"elementor-background-overlay\"><\/div>\n\t\t\t\t\t\t\t<div class=\"elementor-container elementor-column-gap-default\">\n\t\t\t\t\t<div class=\"elementor-column elementor-col-100 elementor-top-column elementor-element elementor-element-7a489c18\" data-id=\"7a489c18\" data-element_type=\"column\">\n\t\t\t<div class=\"elementor-widget-wrap elementor-element-populated\">\n\t\t\t\t\t\t<section class=\"elementor-section elementor-inner-section elementor-element elementor-element-4229245e elementor-section-boxed elementor-section-height-default elementor-section-height-default\" data-id=\"4229245e\" data-element_type=\"section\" data-settings=\"{&quot;jet_parallax_layout_list&quot;:[]}\">\n\t\t\t\t\t\t<div class=\"elementor-container elementor-column-gap-default\">\n\t\t\t\t\t<div class=\"elementor-column elementor-col-100 elementor-inner-column elementor-element elementor-element-c05523\" data-id=\"c05523\" data-element_type=\"column\">\n\t\t\t<div class=\"elementor-widget-wrap elementor-element-populated\">\n\t\t\t\t\t\t<div class=\"elementor-element elementor-element-1575e609 elementor-invisible elementor-widget elementor-widget-heading\" data-id=\"1575e609\" data-element_type=\"widget\" data-settings=\"{&quot;_animation&quot;:&quot;fadeIn&quot;,&quot;_animation_delay&quot;:100}\" data-widget_type=\"heading.default\">\n\t\t\t\t<div class=\"elementor-widget-container\">\n\t\t\t\t\t<h1 class=\"elementor-heading-title elementor-size-default\">Pol\u00edtica de privacidad<\/h1>\t\t\t\t<\/div>\n\t\t\t\t<\/div>\n\t\t\t\t\t<\/div>\n\t\t<\/div>\n\t\t\t\t\t<\/div>\n\t\t<\/section>\n\t\t\t\t\t<\/div>\n\t\t<\/div>\n\t\t\t\t\t<\/div>\n\t\t<\/section>\n\t\t<div class=\"elementor-element elementor-element-8c06da6 e-flex e-con-boxed e-con e-parent\" data-id=\"8c06da6\" data-element_type=\"container\" data-settings=\"{&quot;jet_parallax_layout_list&quot;:[]}\">\n\t\t\t\t\t<div class=\"e-con-inner\">\n\t\t\t\t<div class=\"elementor-element elementor-element-17b160e elementor-widget elementor-widget-text-editor\" data-id=\"17b160e\" data-element_type=\"widget\" data-widget_type=\"text-editor.default\">\n\t\t\t\t<div class=\"elementor-widget-container\">\n\t\t\t\t\t\t\t\t\t<h2><strong>Aviso Legal<\/strong><\/h2><p>\u00a0<\/p><h5><b>Identificaci\u00f3n y Titularidad<\/b><\/h5><p><span style=\"font-weight: 400;\">En cumplimiento del art\u00edculo 10 de la Ley 34\/2002, de 11 de julio, de Servicios de la Sociedad de la Informaci\u00f3n y Comercio Electr\u00f3nico, el Titular expone sus datos identificativos:<\/span><\/p><p><b>Titular:<\/b> <span style=\"font-weight: 400;\">*nombre cliente o empresa*<\/span><span style=\"font-weight: 400;\"><br \/><\/span><b>NIF: <\/b><span style=\"font-weight: 400;\">*insertar NIF cliente*<\/span><span style=\"font-weight: 400;\"><br \/><\/span><b>Domicilio: <\/b><span style=\"font-weight: 400;\">*domicilio cliente*<\/span><span style=\"font-weight: 400;\"><br \/><\/span><b>Correo electr\u00f3nico: <\/b><span style=\"font-weight: 400;\">*correo electr\u00f3nico cliente*<\/span><span style=\"font-weight: 400;\"><br \/><\/span><b>Sitio Web:<\/b><span style=\"font-weight: 400;\"> *url de la web*<\/span><\/p><h5><b>Finalidad<\/b><\/h5><p>\u00a0<\/p><p><span style=\"font-weight: 400;\">La finalidad del Sitio Web es: <\/span><span style=\"font-weight: 400;\">*incluir finalidad sitio web*<\/span><\/p><h5><b>Condiciones de Uso<\/b><\/h5><p>\u00a0<\/p><p><span style=\"font-weight: 400;\">La utilizaci\u00f3n del Sitio Web le otorga la condici\u00f3n de Usuario, e implica la aceptaci\u00f3n completa de todas las cl\u00e1usulas y condiciones de uso incluidas en las p\u00e1ginas:<\/span><\/p><ul><li style=\"font-weight: 400;\" aria-level=\"1\"><span style=\"font-weight: 400;\">Aviso Legal<\/span><\/li><li style=\"font-weight: 400;\" aria-level=\"1\"><span style=\"font-weight: 400;\">Pol\u00edtica de Cookies<\/span><\/li><\/ul><p><span style=\"font-weight: 400;\">Si no estuviera conforme con todas y cada una de estas cl\u00e1usulas y condiciones abst\u00e9ngase de utilizar el Sitio Web.<\/span><span style=\"font-weight: 400;\"><br \/><\/span><span style=\"font-weight: 400;\">El acceso al Sitio Web no supone, en modo alguno, el inicio de una relaci\u00f3n comercial con el Titular.<\/span><span style=\"font-weight: 400;\"><br \/><\/span><span style=\"font-weight: 400;\">A trav\u00e9s del Sitio Web, el Titular le facilita el acceso y la utilizaci\u00f3n de diversos contenidos que el Titular y\/o sus colaboradores han publicado por medio de Internet. A tal efecto, est\u00e1 obligado y comprometido a NO utilizar cualquiera de los contenidos del Sitio Web con fines o efectos il\u00edcitos, prohibidos en este Aviso Legal o por la legislaci\u00f3n vigente, lesivos de los derechos e intereses de terceros, o que de cualquier forma puedan da\u00f1ar, inutilizar, sobrecargar, deteriorar o impedir la normal utilizaci\u00f3n de los contenidos, los equipos inform\u00e1ticos o los documentos, archivos y toda clase de contenidos almacenados en cualquier equipo inform\u00e1tico propios o contratados por el Titular, de otros usuarios o de cualquier usuario de Internet.<\/span><\/p><h5>\u00a0<\/h5><h5><b>Mayor\u00eda de edad<\/b><\/h5><p>\u00a0<\/p><p><span style=\"font-weight: 400;\">Debe tener al menos 18 a\u00f1os de edad para usar los servicios ofrecidos por el Titular o la mayor\u00eda de edad que se requiera su pa\u00eds para registrarse en el Sitio Web o utilizarlo. Si reside en un pa\u00eds que no pertenezca a la Uni\u00f3n Europea, debe tener al menos 13 a\u00f1os de edad para usar el sitio Web o la mayor\u00eda de edad que se requiera su pa\u00eds para registrarse en el sitio Web o utilizarlo. Adem\u00e1s de tener la edad m\u00ednima requerida para usar el sitio Web en virtud de la ley aplicable, si no tiene la edad suficiente para poder las condiciones en su pa\u00eds, su padre, madre, o tutor deben aceptar las condiciones en su nombre.<\/span><\/p><h5><b>Medidas de seguridad<\/b><\/h5><p>\u00a0<\/p><p><span style=\"font-weight: 400;\">Los datos personales que facilite al Titular pueden ser almacenados en bases de datos automatizadas o no, cuya titularidad corresponde en exclusiva al Titular, que asume todas las medidas de \u00edndole t\u00e9cnica, organizativa y de seguridad que garantizan la confidencialidad, integridad y calidad de la informaci\u00f3n contenida en las mismas de acuerdo con lo establecido en la normativa vigente en protecci\u00f3n de datos.<\/span><span style=\"font-weight: 400;\"><br \/><\/span><span style=\"font-weight: 400;\">No obstante, debe ser consciente de que las medidas de seguridad de los sistemas inform\u00e1ticos en Internet no son enteramente fiables y que, por tanto el Titular no puede garantizar la inexistencia de virus u otros elementos que puedan producir alteraciones en los sistemas inform\u00e1ticos (software y hardware) del Usuario o en sus documentos electr\u00f3nicos y ficheros contenidos en los mismos aunque el Titular pone todos los medios necesarios y toma las medidas de seguridad oportunas para evitar la presencia de estos elementos da\u00f1inos.<\/span><\/p><h5><b>Contenidos<\/b><\/h5><p>\u00a0<\/p><p><span style=\"font-weight: 400;\">El Titular ha obtenido la informaci\u00f3n, el contenido multimedia y los materiales incluidos en el Sitio Web de fuentes que considera fiables, pero, si bien ha tomado todas las medidas razonables para asegurar que la informaci\u00f3n contenida es correcta, el Titular no garantiza que sea exacta, completa o actualizada. El Titular declina expresamente cualquier responsabilidad por error u omisi\u00f3n en la informaci\u00f3n contenida en las p\u00e1ginas del Sitio Web.<\/span><span style=\"font-weight: 400;\"><br \/><\/span><span style=\"font-weight: 400;\">Queda prohibido transmitir o enviar a trav\u00e9s del Sitio Web cualquier contenido ilegal o il\u00edcito, virus inform\u00e1ticos, o mensajes que, en general, afecten o violen derechos del Titular o de terceros.<\/span><span style=\"font-weight: 400;\"><br \/><\/span><span style=\"font-weight: 400;\">Los contenidos del Sitio Web tienen \u00fanicamente una finalidad informativa y bajo ninguna circunstancia deben usarse ni considerarse como oferta de venta, solicitud de una oferta de compra ni recomendaci\u00f3n para realizar cualquier otra operaci\u00f3n, salvo que as\u00ed se indique expresamente.<\/span><span style=\"font-weight: 400;\"><br \/><\/span><span style=\"font-weight: 400;\">El Titular se reserva el derecho a modificar, suspender, cancelar o restringir el contenido del Sitio Web, los v\u00ednculos o la informaci\u00f3n obtenida a trav\u00e9s del Sitio Web, sin necesidad de previo aviso.<\/span><span style=\"font-weight: 400;\"><br \/><\/span><span style=\"font-weight: 400;\">El Titular no es responsable de los da\u00f1os y perjuicios que pudieran derivarse de la utilizaci\u00f3n de la informaci\u00f3n del Sitio Web.<\/span><\/p><h5><b>Pol\u00edtica de cookies<\/b><\/h5><p>\u00a0<\/p><p><span style=\"font-weight: 400;\">Puede consultar toda la informaci\u00f3n relativa a la pol\u00edtica de recogida y tratamiento de las cookies en la p\u00e1gina de Pol\u00edtica de Cookies.<\/span><\/p><h5><b>Enlaces a otros sitios web<\/b><\/h5><p>\u00a0<\/p><p><span style=\"font-weight: 400;\">El Titular puede proporcionarle acceso a sitios Web de terceros mediante enlaces con la finalidad exclusiva de informar sobre la existencia de otras fuentes de informaci\u00f3n en Internet en las que podr\u00e1 ampliar los datos ofrecidos en el Sitio Web. Estos enlaces a otros sitios Web no suponen en ning\u00fan caso una sugerencia o recomendaci\u00f3n para que usted visite las p\u00e1ginas web de destino, que est\u00e1n fuera del control del Titular, por lo que el Titular no es responsable del contenido de los sitios web vinculados ni del resultado que obtenga al seguir los enlaces. Asimismo, el Titular no responde de los links o enlaces ubicados en los sitios web vinculados a los que le proporciona acceso.<\/span><span style=\"font-weight: 400;\"><br \/><\/span><span style=\"font-weight: 400;\">El establecimiento del enlace no implica en ning\u00fan caso la existencia de relaciones entre el Titular y el propietario del sitio en el que se establezca el enlace, ni la aceptaci\u00f3n o aprobaci\u00f3n por parte del Titular de sus contenidos o servicios.<\/span><span style=\"font-weight: 400;\"><br \/><\/span><span style=\"font-weight: 400;\">Si accede a un sitio web externo desde un enlace que encuentre en el Sitio Web usted deber\u00e1 leer la propia pol\u00edtica de privacidad del otro sitio web que puede ser diferente de la de este sitio Web.<\/span><\/p><h5><b>Propiedad intelectual e industrial<\/b><\/h5><p>\u00a0<\/p><p><span style=\"font-weight: 400;\">Todos los derechos est\u00e1n reservados.<\/span><span style=\"font-weight: 400;\"><br \/><\/span><span style=\"font-weight: 400;\">Todo acceso a este Sitio Web est\u00e1 sujeto a las siguientes condiciones: la reproducci\u00f3n, almacenaje permanente y la difusi\u00f3n de los contenidos o cualquier otro uso que tenga finalidad p\u00fablica o comercial queda expresamente prohibida sin el consentimiento previo expreso y por escrito del Titular.<\/span><\/p><h5><b>Limitaci\u00f3n de responsabilidad<\/b><\/h5><p>\u00a0<\/p><p><span style=\"font-weight: 400;\">La informaci\u00f3n y servicios incluidos o disponibles a trav\u00e9s del Sitio Web pueden incluir incorrecciones o errores tipogr\u00e1ficos. De forma peri\u00f3dica el Titular incorpora mejoras y\/o cambios a la informaci\u00f3n contenida y\/o los Servicios que puede introducir en cualquier momento. El Titular no declara ni garantiza que los servicios o contenidos sean interrumpidos o que est\u00e9n libres de errores, que los defectos sean corregidos, o que el servicio o el servidor que lo pone a disposici\u00f3n est\u00e9n libres de virus u otros componentes nocivos sin perjuicio de que el Titular realiza todos los esfuerzos en evitar este tipo de incidentes.<\/span><span style=\"font-weight: 400;\"><br \/><\/span><span style=\"font-weight: 400;\">El Titular declina cualquier responsabilidad en caso de que existan interrupciones o un mal funcionamiento de los Servicios o contenidos ofrecidos en Internet, cualquiera que sea su causa. Asimismo, el Titular no se hace responsable por ca\u00eddas de la red, p\u00e9rdidas de negocio a consecuencia de dichas ca\u00eddas, suspensiones temporales de fluido el\u00e9ctrico o cualquier otro tipo de da\u00f1o indirecto que te pueda ser causado por causas ajenas a el Titular. Antes de tomar decisiones y\/o acciones con base a la informaci\u00f3n incluida en el Sitio Web, el Titular le recomienda comprobar y contrastar la informaci\u00f3n recibida con otras fuentes.<\/span><\/p><h5><b>Jurisdicci\u00f3n<\/b><\/h5><p>\u00a0<\/p><p><span style=\"font-weight: 400;\">Este Aviso Legal se rige \u00edntegramente por la legislaci\u00f3n espa\u00f1ola.<\/span><span style=\"font-weight: 400;\"><br \/><\/span><span style=\"font-weight: 400;\">Siempre que no haya una norma que obligue a otra cosa, para cuantas cuestiones se susciten sobre la interpretaci\u00f3n, aplicaci\u00f3n y cumplimiento de este Aviso Legal, as\u00ed como de las reclamaciones que puedan derivarse de su uso, las partes acuerdan someterse a los Jueces y Tribunales de la provincia de C\u00e1diz, con renuncia expresa de cualquier otra jurisdicci\u00f3n que pudiera corresponderles.<\/span><\/p><h5><b>Contacto<\/b><\/h5><p>\u00a0<\/p><p><span style=\"font-weight: 400;\">En caso de que usted tenga cualquier duda acerca de este Aviso Legal o quiera realizar cualquier comentario sobre el Sitio Web, puede enviar un mensaje de correo electr\u00f3nico a la direcci\u00f3n: <\/span><span style=\"font-weight: 400;\">*insertar correo cliente*<\/span><\/p>\t\t\t\t\t\t\t\t<\/div>\n\t\t\t\t<\/div>\n\t\t\t\t\t<\/div>\n\t\t\t\t<\/div>\n\t\t\t\t<\/div>\n\t\t","protected":false},"excerpt":{"rendered":"<p>Pol\u00edtica de privacidad Aviso Legal \u00a0 Identificaci\u00f3n y Titularidad En cumplimiento del art\u00edculo 10 de la Ley 34\/2002, de 11 de julio, de Servicios de la Sociedad de la Informaci\u00f3n y Comercio Electr\u00f3nico, el Titular expone sus datos identificativos: Titular: *nombre cliente o empresa*NIF: *insertar NIF cliente*Domicilio: *domicilio cliente*Correo electr\u00f3nico: *correo electr\u00f3nico cliente*Sitio Web: *url &#8230; <a title=\"Pol\u00edtica de privacidad\" class=\"read-more\" href=\"https:\/\/proluzsl.com\/politica-privacidad\/\" aria-label=\"Leer m\u00e1s sobre Pol\u00edtica de privacidad\">Leer m\u00e1s<\/a><\/p>\n","protected":false},"author":33,"featured_media":0,"parent":0,"menu_order":0,"comment_status":"closed","ping_status":"open","template":"elementor_header_footer","meta":{"footnotes":""},"class_list":["post-3","page","type-page","status-publish"],"yoast_head":"<!-- This site is optimized with the Yoast SEO plugin v24.1 - https:\/\/yoast.com\/wordpress\/plugins\/seo\/ -->\n<title>Pol\u00edtica de privacidad - PROLUZ SISTEMAS INTEGRADOS DE ILUMINACION PROFESIONAL SL<\/title>\n<meta name=\"robots\" content=\"index, follow, max-snippet:-1, max-image-preview:large, max-video-preview:-1\" \/>\n<link rel=\"canonical\" href=\"https:\/\/proluzsl.com\/politica-privacidad\/\" \/>\n<meta property=\"og:locale\" content=\"es_ES\" \/>\n<meta property=\"og:type\" content=\"article\" \/>\n<meta property=\"og:title\" content=\"Pol\u00edtica de privacidad - PROLUZ SISTEMAS INTEGRADOS DE ILUMINACION PROFESIONAL SL\" \/>\n<meta property=\"og:description\" content=\"Pol\u00edtica de privacidad Aviso Legal \u00a0 Identificaci\u00f3n y Titularidad En cumplimiento del art\u00edculo 10 de la Ley 34\/2002, de 11 de julio, de Servicios de la Sociedad de la Informaci\u00f3n y Comercio Electr\u00f3nico, el Titular expone sus datos identificativos: Titular: *nombre cliente o empresa*NIF: *insertar NIF cliente*Domicilio: *domicilio cliente*Correo electr\u00f3nico: *correo electr\u00f3nico cliente*Sitio Web: *url ... Leer m\u00e1s\" \/>\n<meta property=\"og:url\" content=\"https:\/\/proluzsl.com\/politica-privacidad\/\" \/>\n<meta property=\"og:site_name\" content=\"PROLUZ SISTEMAS INTEGRADOS DE ILUMINACION PROFESIONAL SL\" \/>\n<meta property=\"article:modified_time\" content=\"2024-05-21T11:18:37+00:00\" \/>\n<meta name=\"twitter:card\" content=\"summary_large_image\" \/>\n<meta name=\"twitter:label1\" content=\"Tiempo de lectura\" \/>\n\t<meta name=\"twitter:data1\" content=\"7 minutos\" \/>\n<script type=\"application\/ld+json\" class=\"yoast-schema-graph\">{\"@context\":\"https:\/\/schema.org\",\"@graph\":[{\"@type\":\"WebPage\",\"@id\":\"https:\/\/proluzsl.com\/politica-privacidad\/\",\"url\":\"https:\/\/proluzsl.com\/politica-privacidad\/\",\"name\":\"Pol\u00edtica de privacidad - PROLUZ SISTEMAS INTEGRADOS DE ILUMINACION PROFESIONAL SL\",\"isPartOf\":{\"@id\":\"https:\/\/proluzsl.com\/en\/#website\"},\"datePublished\":\"2024-04-26T09:25:01+00:00\",\"dateModified\":\"2024-05-21T11:18:37+00:00\",\"breadcrumb\":{\"@id\":\"https:\/\/proluzsl.com\/politica-privacidad\/#breadcrumb\"},\"inLanguage\":\"es\",\"potentialAction\":[{\"@type\":\"ReadAction\",\"target\":[\"https:\/\/proluzsl.com\/politica-privacidad\/\"]}]},{\"@type\":\"BreadcrumbList\",\"@id\":\"https:\/\/proluzsl.com\/politica-privacidad\/#breadcrumb\",\"itemListElement\":[{\"@type\":\"ListItem\",\"position\":1,\"name\":\"Portada\",\"item\":\"https:\/\/proluzsl.com\/\"},{\"@type\":\"ListItem\",\"position\":2,\"name\":\"Pol\u00edtica de privacidad\"}]},{\"@type\":\"WebSite\",\"@id\":\"https:\/\/proluzsl.com\/en\/#website\",\"url\":\"https:\/\/proluzsl.com\/en\/\",\"name\":\"PROLUZ SISTEMAS INTEGRADOS DE ILUMINACION PROFESIONAL SL\",\"description\":\"\",\"publisher\":{\"@id\":\"https:\/\/proluzsl.com\/en\/#organization\"},\"potentialAction\":[{\"@type\":\"SearchAction\",\"target\":{\"@type\":\"EntryPoint\",\"urlTemplate\":\"https:\/\/proluzsl.com\/en\/?s={search_term_string}\"},\"query-input\":{\"@type\":\"PropertyValueSpecification\",\"valueRequired\":true,\"valueName\":\"search_term_string\"}}],\"inLanguage\":\"es\"},{\"@type\":\"Organization\",\"@id\":\"https:\/\/proluzsl.com\/en\/#organization\",\"name\":\"PROLUZ SISTEMAS INTEGRADOS DE ILUMINACION PROFESIONAL SL\",\"url\":\"https:\/\/proluzsl.com\/en\/\",\"logo\":{\"@type\":\"ImageObject\",\"inLanguage\":\"es\",\"@id\":\"https:\/\/proluzsl.com\/en\/#\/schema\/logo\/image\/\",\"url\":\"https:\/\/proluzsl.com\/wp-content\/uploads\/sites\/286\/2024\/07\/cropped-cropped-cropped-Diseno-sin-titulo-1.png\",\"contentUrl\":\"https:\/\/proluzsl.com\/wp-content\/uploads\/sites\/286\/2024\/07\/cropped-cropped-cropped-Diseno-sin-titulo-1.png\",\"width\":512,\"height\":235,\"caption\":\"PROLUZ SISTEMAS INTEGRADOS DE ILUMINACION PROFESIONAL SL\"},\"image\":{\"@id\":\"https:\/\/proluzsl.com\/en\/#\/schema\/logo\/image\/\"}}]}<\/script>\n<!-- \/ Yoast SEO plugin. -->","yoast_head_json":{"title":"Pol\u00edtica de privacidad - PROLUZ SISTEMAS INTEGRADOS DE ILUMINACION PROFESIONAL SL","robots":{"index":"index","follow":"follow","max-snippet":"max-snippet:-1","max-image-preview":"max-image-preview:large","max-video-preview":"max-video-preview:-1"},"canonical":"https:\/\/proluzsl.com\/politica-privacidad\/","og_locale":"es_ES","og_type":"article","og_title":"Pol\u00edtica de privacidad - PROLUZ SISTEMAS INTEGRADOS DE ILUMINACION PROFESIONAL SL","og_description":"Pol\u00edtica de privacidad Aviso Legal \u00a0 Identificaci\u00f3n y Titularidad En cumplimiento del art\u00edculo 10 de la Ley 34\/2002, de 11 de julio, de Servicios de la Sociedad de la Informaci\u00f3n y Comercio Electr\u00f3nico, el Titular expone sus datos identificativos: Titular: *nombre cliente o empresa*NIF: *insertar NIF cliente*Domicilio: *domicilio cliente*Correo electr\u00f3nico: *correo electr\u00f3nico cliente*Sitio Web: *url ... Leer m\u00e1s","og_url":"https:\/\/proluzsl.com\/politica-privacidad\/","og_site_name":"PROLUZ SISTEMAS INTEGRADOS DE ILUMINACION PROFESIONAL SL","article_modified_time":"2024-05-21T11:18:37+00:00","twitter_card":"summary_large_image","twitter_misc":{"Tiempo de lectura":"7 minutos"},"schema":{"@context":"https:\/\/schema.org","@graph":[{"@type":"WebPage","@id":"https:\/\/proluzsl.com\/politica-privacidad\/","url":"https:\/\/proluzsl.com\/politica-privacidad\/","name":"Pol\u00edtica de privacidad - PROLUZ SISTEMAS INTEGRADOS DE ILUMINACION PROFESIONAL SL","isPartOf":{"@id":"https:\/\/proluzsl.com\/en\/#website"},"datePublished":"2024-04-26T09:25:01+00:00","dateModified":"2024-05-21T11:18:37+00:00","breadcrumb":{"@id":"https:\/\/proluzsl.com\/politica-privacidad\/#breadcrumb"},"inLanguage":"es","potentialAction":[{"@type":"ReadAction","target":["https:\/\/proluzsl.com\/politica-privacidad\/"]}]},{"@type":"BreadcrumbList","@id":"https:\/\/proluzsl.com\/politica-privacidad\/#breadcrumb","itemListElement":[{"@type":"ListItem","position":1,"name":"Portada","item":"https:\/\/proluzsl.com\/"},{"@type":"ListItem","position":2,"name":"Pol\u00edtica de privacidad"}]},{"@type":"WebSite","@id":"https:\/\/proluzsl.com\/en\/#website","url":"https:\/\/proluzsl.com\/en\/","name":"PROLUZ SISTEMAS INTEGRADOS DE ILUMINACION PROFESIONAL SL","description":"","publisher":{"@id":"https:\/\/proluzsl.com\/en\/#organization"},"potentialAction":[{"@type":"SearchAction","target":{"@type":"EntryPoint","urlTemplate":"https:\/\/proluzsl.com\/en\/?s={search_term_string}"},"query-input":{"@type":"PropertyValueSpecification","valueRequired":true,"valueName":"search_term_string"}}],"inLanguage":"es"},{"@type":"Organization","@id":"https:\/\/proluzsl.com\/en\/#organization","name":"PROLUZ SISTEMAS INTEGRADOS DE ILUMINACION PROFESIONAL SL","url":"https:\/\/proluzsl.com\/en\/","logo":{"@type":"ImageObject","inLanguage":"es","@id":"https:\/\/proluzsl.com\/en\/#\/schema\/logo\/image\/","url":"https:\/\/proluzsl.com\/wp-content\/uploads\/sites\/286\/2024\/07\/cropped-cropped-cropped-Diseno-sin-titulo-1.png","contentUrl":"https:\/\/proluzsl.com\/wp-content\/uploads\/sites\/286\/2024\/07\/cropped-cropped-cropped-Diseno-sin-titulo-1.png","width":512,"height":235,"caption":"PROLUZ SISTEMAS INTEGRADOS DE ILUMINACION PROFESIONAL SL"},"image":{"@id":"https:\/\/proluzsl.com\/en\/#\/schema\/logo\/image\/"}}]}},"_links":{"self":[{"href":"https:\/\/proluzsl.com\/en\/wp-json\/wp\/v2\/pages\/3","targetHints":{"allow":["GET"]}}],"collection":[{"href":"https:\/\/proluzsl.com\/en\/wp-json\/wp\/v2\/pages"}],"about":[{"href":"https:\/\/proluzsl.com\/en\/wp-json\/wp\/v2\/types\/page"}],"author":[{"embeddable":true,"href":"https:\/\/proluzsl.com\/en\/wp-json\/wp\/v2\/users\/33"}],"replies":[{"embeddable":true,"href":"https:\/\/proluzsl.com\/en\/wp-json\/wp\/v2\/comments?post=3"}],"version-history":[{"count":0,"href":"https:\/\/proluzsl.com\/en\/wp-json\/wp\/v2\/pages\/3\/revisions"}],"wp:attachment":[{"href":"https:\/\/proluzsl.com\/en\/wp-json\/wp\/v2\/media?parent=3"}],"curies":[{"name":"wp","href":"https:\/\/api.w.org\/{rel}","templated":true}]}}